{"id":6775,"date":"2024-03-12T01:53:00","date_gmt":"2024-03-11T18:53:00","guid":{"rendered":"https:\/\/healingstone.vn\/?post_type=product&#038;p=6775"},"modified":"2024-03-12T21:39:00","modified_gmt":"2024-03-12T14:39:00","slug":"bong-tai-bac-da-malachite-btb41mala1","status":"publish","type":"product","link":"https:\/\/healingstone.vn\/en\/product\/bong-tai-bac-da-malachite-btb41mala1\/","title":{"rendered":"B\u00f4ng tai b\u1ea1c \u0111\u00e1 Malachite &#8211; BTB41Mala1"},"content":{"rendered":"","protected":false},"excerpt":{"rendered":"","protected":false},"author":5,"featured_media":9975,"comment_status":"open","ping_status":"closed","template":"","meta":{"_acf_changed":false},"product_cat":[323,277,266,38,156],"product_tag":[],"acf":[],"yoast_head":"<!-- This site is optimized with the Yoast SEO plugin v23.3 - https:\/\/yoast.com\/wordpress\/plugins\/seo\/ -->\n<title>B\u00f4ng tai b\u1ea1c \u0111\u00e1 Malachite - BTB41Mala1 - Minh T\u00e2m Healing Stone Shop<\/title>\n<meta name=\"robots\" content=\"index, follow, max-snippet:-1, max-image-preview:large, max-video-preview:-1\" \/>\n<link rel=\"canonical\" href=\"https:\/\/healingstone.vn\/en\/product\/bong-tai-bac-da-malachite-btb41mala1\/\" \/>\n<meta property=\"og:locale\" content=\"en_US\" \/>\n<meta property=\"og:type\" content=\"article\" \/>\n<meta property=\"og:title\" content=\"B\u00f4ng tai b\u1ea1c \u0111\u00e1 Malachite - BTB41Mala1 - Minh T\u00e2m Healing Stone Shop\" \/>\n<meta property=\"og:url\" content=\"https:\/\/healingstone.vn\/en\/product\/bong-tai-bac-da-malachite-btb41mala1\/\" \/>\n<meta property=\"og:site_name\" content=\"Minh T\u00e2m Healing Stone Shop\" \/>\n<meta property=\"article:modified_time\" content=\"2024-03-12T14:39:00+00:00\" \/>\n<meta property=\"og:image\" content=\"https:\/\/healingstone.vn\/wp-content\/uploads\/2023\/09\/IMG_0381.jpg\" \/>\n\t<meta property=\"og:image:width\" content=\"1080\" \/>\n\t<meta property=\"og:image:height\" content=\"1080\" \/>\n\t<meta property=\"og:image:type\" content=\"image\/jpeg\" \/>\n<meta name=\"twitter:card\" content=\"summary_large_image\" \/>\n<meta name=\"twitter:label1\" content=\"Est. reading time\" \/>\n\t<meta name=\"twitter:data1\" content=\"1 minute\" \/>\n<script type=\"application\/ld+json\" class=\"yoast-schema-graph\">{\"@context\":\"https:\/\/schema.org\",\"@graph\":[{\"@type\":\"WebPage\",\"@id\":\"https:\/\/healingstone.vn\/san-pham\/bong-tai-bac-da-malachite-btb41mala1\/\",\"url\":\"https:\/\/healingstone.vn\/san-pham\/bong-tai-bac-da-malachite-btb41mala1\/\",\"name\":\"B\u00f4ng tai b\u1ea1c \u0111\u00e1 Malachite - BTB41Mala1 - Minh T\u00e2m Healing Stone Shop\",\"isPartOf\":{\"@id\":\"https:\/\/healingstone.vn\/#website\"},\"primaryImageOfPage\":{\"@id\":\"https:\/\/healingstone.vn\/san-pham\/bong-tai-bac-da-malachite-btb41mala1\/#primaryimage\"},\"image\":{\"@id\":\"https:\/\/healingstone.vn\/san-pham\/bong-tai-bac-da-malachite-btb41mala1\/#primaryimage\"},\"thumbnailUrl\":\"https:\/\/healingstone.vn\/wp-content\/uploads\/2023\/09\/IMG_0381.jpg\",\"datePublished\":\"2024-03-11T18:53:00+00:00\",\"dateModified\":\"2024-03-12T14:39:00+00:00\",\"breadcrumb\":{\"@id\":\"https:\/\/healingstone.vn\/san-pham\/bong-tai-bac-da-malachite-btb41mala1\/#breadcrumb\"},\"inLanguage\":\"en-US\",\"potentialAction\":[{\"@type\":\"ReadAction\",\"target\":[\"https:\/\/healingstone.vn\/san-pham\/bong-tai-bac-da-malachite-btb41mala1\/\"]}]},{\"@type\":\"ImageObject\",\"inLanguage\":\"en-US\",\"@id\":\"https:\/\/healingstone.vn\/san-pham\/bong-tai-bac-da-malachite-btb41mala1\/#primaryimage\",\"url\":\"https:\/\/healingstone.vn\/wp-content\/uploads\/2023\/09\/IMG_0381.jpg\",\"contentUrl\":\"https:\/\/healingstone.vn\/wp-content\/uploads\/2023\/09\/IMG_0381.jpg\",\"width\":1080,\"height\":1080},{\"@type\":\"BreadcrumbList\",\"@id\":\"https:\/\/healingstone.vn\/san-pham\/bong-tai-bac-da-malachite-btb41mala1\/#breadcrumb\",\"itemListElement\":[{\"@type\":\"ListItem\",\"position\":1,\"name\":\"Trang ch\u1ee7\",\"item\":\"https:\/\/healingstone.vn\/\"},{\"@type\":\"ListItem\",\"position\":2,\"name\":\"S\u1ea3n ph\u1ea9m\",\"item\":\"https:\/\/healingstone.vn\/tat-ca-san-pham\/\"},{\"@type\":\"ListItem\",\"position\":3,\"name\":\"B\u00f4ng tai b\u1ea1c \u0111\u00e1 Malachite &#8211; BTB41Mala1\"}]},{\"@type\":\"WebSite\",\"@id\":\"https:\/\/healingstone.vn\/#website\",\"url\":\"https:\/\/healingstone.vn\/\",\"name\":\"Minh T\u00e2m Healing Stone Shop\",\"description\":\"\",\"publisher\":{\"@id\":\"https:\/\/healingstone.vn\/#organization\"},\"potentialAction\":[{\"@type\":\"SearchAction\",\"target\":{\"@type\":\"EntryPoint\",\"urlTemplate\":\"https:\/\/healingstone.vn\/?s={search_term_string}\"},\"query-input\":\"required name=search_term_string\"}],\"inLanguage\":\"en-US\"},{\"@type\":\"Organization\",\"@id\":\"https:\/\/healingstone.vn\/#organization\",\"name\":\"Minh T\u00e2m Healing Stone Shop\",\"url\":\"https:\/\/healingstone.vn\/\",\"logo\":{\"@type\":\"ImageObject\",\"inLanguage\":\"en-US\",\"@id\":\"https:\/\/healingstone.vn\/#\/schema\/logo\/image\/\",\"url\":\"https:\/\/healingstone.vn\/wp-content\/uploads\/2022\/12\/cropped-logo-new.jpg\",\"contentUrl\":\"https:\/\/healingstone.vn\/wp-content\/uploads\/2022\/12\/cropped-logo-new.jpg\",\"width\":600,\"height\":512,\"caption\":\"Minh T\u00e2m Healing Stone Shop\"},\"image\":{\"@id\":\"https:\/\/healingstone.vn\/#\/schema\/logo\/image\/\"}}]}<\/script>\n<!-- \/ Yoast SEO plugin. -->","yoast_head_json":{"title":"B\u00f4ng tai b\u1ea1c \u0111\u00e1 Malachite - BTB41Mala1 - Minh T\u00e2m Healing Stone Shop","robots":{"index":"index","follow":"follow","max-snippet":"max-snippet:-1","max-image-preview":"max-image-preview:large","max-video-preview":"max-video-preview:-1"},"canonical":"https:\/\/healingstone.vn\/en\/product\/bong-tai-bac-da-malachite-btb41mala1\/","og_locale":"en_US","og_type":"article","og_title":"B\u00f4ng tai b\u1ea1c \u0111\u00e1 Malachite - BTB41Mala1 - Minh T\u00e2m Healing Stone Shop","og_url":"https:\/\/healingstone.vn\/en\/product\/bong-tai-bac-da-malachite-btb41mala1\/","og_site_name":"Minh T\u00e2m Healing Stone Shop","article_modified_time":"2024-03-12T14:39:00+00:00","og_image":[{"width":1080,"height":1080,"url":"https:\/\/healingstone.vn\/wp-content\/uploads\/2023\/09\/IMG_0381.jpg","type":"image\/jpeg"}],"twitter_card":"summary_large_image","twitter_misc":{"Est. reading time":"1 minute"},"schema":{"@context":"https:\/\/schema.org","@graph":[{"@type":"WebPage","@id":"https:\/\/healingstone.vn\/san-pham\/bong-tai-bac-da-malachite-btb41mala1\/","url":"https:\/\/healingstone.vn\/san-pham\/bong-tai-bac-da-malachite-btb41mala1\/","name":"B\u00f4ng tai b\u1ea1c \u0111\u00e1 Malachite - BTB41Mala1 - Minh T\u00e2m Healing Stone Shop","isPartOf":{"@id":"https:\/\/healingstone.vn\/#website"},"primaryImageOfPage":{"@id":"https:\/\/healingstone.vn\/san-pham\/bong-tai-bac-da-malachite-btb41mala1\/#primaryimage"},"image":{"@id":"https:\/\/healingstone.vn\/san-pham\/bong-tai-bac-da-malachite-btb41mala1\/#primaryimage"},"thumbnailUrl":"https:\/\/healingstone.vn\/wp-content\/uploads\/2023\/09\/IMG_0381.jpg","datePublished":"2024-03-11T18:53:00+00:00","dateModified":"2024-03-12T14:39:00+00:00","breadcrumb":{"@id":"https:\/\/healingstone.vn\/san-pham\/bong-tai-bac-da-malachite-btb41mala1\/#breadcrumb"},"inLanguage":"en-US","potentialAction":[{"@type":"ReadAction","target":["https:\/\/healingstone.vn\/san-pham\/bong-tai-bac-da-malachite-btb41mala1\/"]}]},{"@type":"ImageObject","inLanguage":"en-US","@id":"https:\/\/healingstone.vn\/san-pham\/bong-tai-bac-da-malachite-btb41mala1\/#primaryimage","url":"https:\/\/healingstone.vn\/wp-content\/uploads\/2023\/09\/IMG_0381.jpg","contentUrl":"https:\/\/healingstone.vn\/wp-content\/uploads\/2023\/09\/IMG_0381.jpg","width":1080,"height":1080},{"@type":"BreadcrumbList","@id":"https:\/\/healingstone.vn\/san-pham\/bong-tai-bac-da-malachite-btb41mala1\/#breadcrumb","itemListElement":[{"@type":"ListItem","position":1,"name":"Trang ch\u1ee7","item":"https:\/\/healingstone.vn\/"},{"@type":"ListItem","position":2,"name":"S\u1ea3n ph\u1ea9m","item":"https:\/\/healingstone.vn\/tat-ca-san-pham\/"},{"@type":"ListItem","position":3,"name":"B\u00f4ng tai b\u1ea1c \u0111\u00e1 Malachite &#8211; BTB41Mala1"}]},{"@type":"WebSite","@id":"https:\/\/healingstone.vn\/#website","url":"https:\/\/healingstone.vn\/","name":"Minh T\u00e2m Healing Stone Shop","description":"","publisher":{"@id":"https:\/\/healingstone.vn\/#organization"},"potentialAction":[{"@type":"SearchAction","target":{"@type":"EntryPoint","urlTemplate":"https:\/\/healingstone.vn\/?s={search_term_string}"},"query-input":"required name=search_term_string"}],"inLanguage":"en-US"},{"@type":"Organization","@id":"https:\/\/healingstone.vn\/#organization","name":"Minh T\u00e2m Healing Stone Shop","url":"https:\/\/healingstone.vn\/","logo":{"@type":"ImageObject","inLanguage":"en-US","@id":"https:\/\/healingstone.vn\/#\/schema\/logo\/image\/","url":"https:\/\/healingstone.vn\/wp-content\/uploads\/2022\/12\/cropped-logo-new.jpg","contentUrl":"https:\/\/healingstone.vn\/wp-content\/uploads\/2022\/12\/cropped-logo-new.jpg","width":600,"height":512,"caption":"Minh T\u00e2m Healing Stone Shop"},"image":{"@id":"https:\/\/healingstone.vn\/#\/schema\/logo\/image\/"}}]}},"_links":{"self":[{"href":"https:\/\/healingstone.vn\/en\/wp-json\/wp\/v2\/product\/6775"}],"collection":[{"href":"https:\/\/healingstone.vn\/en\/wp-json\/wp\/v2\/product"}],"about":[{"href":"https:\/\/healingstone.vn\/en\/wp-json\/wp\/v2\/types\/product"}],"author":[{"embeddable":true,"href":"https:\/\/healingstone.vn\/en\/wp-json\/wp\/v2\/users\/5"}],"replies":[{"embeddable":true,"href":"https:\/\/healingstone.vn\/en\/wp-json\/wp\/v2\/comments?post=6775"}],"version-history":[{"count":0,"href":"https:\/\/healingstone.vn\/en\/wp-json\/wp\/v2\/product\/6775\/revisions"}],"wp:featuredmedia":[{"embeddable":true,"href":"https:\/\/healingstone.vn\/en\/wp-json\/wp\/v2\/media\/9975"}],"wp:attachment":[{"href":"https:\/\/healingstone.vn\/en\/wp-json\/wp\/v2\/media?parent=6775"}],"wp:term":[{"taxonomy":"product_cat","embeddable":true,"href":"https:\/\/healingstone.vn\/en\/wp-json\/wp\/v2\/product_cat?post=6775"},{"taxonomy":"product_tag","embeddable":true,"href":"https:\/\/healingstone.vn\/en\/wp-json\/wp\/v2\/product_tag?post=6775"}],"curies":[{"name":"wp","href":"https:\/\/api.w.org\/{rel}","templated":true}]}}