{"id":1978,"date":"2022-12-02T09:33:09","date_gmt":"2022-12-02T02:33:09","guid":{"rendered":"https:\/\/healingstone.vn\/?page_id=1978"},"modified":"2024-03-28T14:18:57","modified_gmt":"2024-03-28T07:18:57","slug":"hieu-ve-da-chua-lanh","status":"publish","type":"page","link":"https:\/\/healingstone.vn\/en\/hieu-ve-da-chua-lanh\/","title":{"rendered":"About Healing Stone"},"content":{"rendered":"<div data-elementor-type=\"wp-page\" data-elementor-id=\"1978\" class=\"elementor elementor-1978\" data-elementor-post-type=\"page\">\n\t\t\t\t\t\t<section class=\"elementor-section elementor-top-section elementor-element elementor-element-71189e1 elementor-section-boxed elementor-section-height-default elementor-section-height-default\" data-id=\"71189e1\" data-element_type=\"section\">\n\t\t\t\t\t\t<div class=\"elementor-container elementor-column-gap-no\">\n\t\t\t\t\t<div class=\"elementor-column elementor-col-100 elementor-top-column elementor-element elementor-element-1ddfa77\" data-id=\"1ddfa77\" data-element_type=\"column\">\n\t\t\t<div class=\"elementor-widget-wrap elementor-element-populated\">\n\t\t\t\t\t\t<section class=\"elementor-section elementor-inner-section elementor-element elementor-element-f29da52 elementor-section-boxed elementor-section-height-default elementor-section-height-default\" data-id=\"f29da52\" data-element_type=\"section\" data-no-translation=\"\">\n\t\t\t\t\t\t<div class=\"elementor-container elementor-column-gap-default\">\n\t\t\t\t\t<div class=\"elementor-column elementor-col-50 elementor-inner-column elementor-element elementor-element-0677a57\" data-id=\"0677a57\" data-element_type=\"column\">\n\t\t\t<div class=\"elementor-widget-wrap elementor-element-populated\">\n\t\t\t\t\t\t<div class=\"elementor-element elementor-element-648a552 elementor-widget elementor-widget-image\" data-id=\"648a552\" data-element_type=\"widget\" data-widget_type=\"image.default\">\n\t\t\t\t<div class=\"elementor-widget-container\">\n\t\t\t\t\t\t\t\t\t\t\t\t\t<img fetchpriority=\"high\" decoding=\"async\" width=\"547\" height=\"557\" src=\"https:\/\/healingstone.vn\/wp-content\/uploads\/2022\/12\/MT-Profile.png\" class=\"attachment-large size-large wp-image-4374\" alt=\"\" srcset=\"https:\/\/healingstone.vn\/wp-content\/uploads\/2022\/12\/MT-Profile.png 547w, https:\/\/healingstone.vn\/wp-content\/uploads\/2022\/12\/MT-Profile-295x300.png 295w\" sizes=\"(max-width: 547px) 100vw, 547px\" \/>\t\t\t\t\t\t\t\t\t\t\t\t\t<\/div>\n\t\t\t\t<\/div>\n\t\t\t\t\t<\/div>\n\t\t<\/div>\n\t\t\t\t<div class=\"elementor-column elementor-col-50 elementor-inner-column elementor-element elementor-element-121934e\" data-id=\"121934e\" data-element_type=\"column\">\n\t\t\t<div class=\"elementor-widget-wrap elementor-element-populated\">\n\t\t\t\t\t\t<div class=\"elementor-element elementor-element-914005c elementor-widget elementor-widget-text-editor\" data-id=\"914005c\" data-element_type=\"widget\" data-widget_type=\"text-editor.default\">\n\t\t\t\t<div class=\"elementor-widget-container\">\n\t\t\t\t\t\t\t<p style=\"font-weight: 400; text-align: center;\"><span style=\"font-size: 18pt;\"><strong>Nguyen Thi Minh Tam<\/strong><\/span><\/p>\t\t\t\t\t\t<\/div>\n\t\t\t\t<\/div>\n\t\t\t\t<div class=\"elementor-element elementor-element-13a4732 elementor-widget elementor-widget-text-editor\" data-id=\"13a4732\" data-element_type=\"widget\" data-widget_type=\"text-editor.default\">\n\t\t\t\t<div class=\"elementor-widget-container\">\n\t\t\t\t\t\t\t<ul><li style=\"font-weight: 400;\"><strong><span style=\"font-size: 14pt;\">First Vietnamese Licensed and Certified \u201cHeal Your Life Workshop Leader\u201d \u2013 authorized by Hay House<\/span><\/strong><\/li><\/ul>\t\t\t\t\t\t<\/div>\n\t\t\t\t<\/div>\n\t\t\t\t<div class=\"elementor-element elementor-element-0b1d031 elementor-widget elementor-widget-text-editor\" data-id=\"0b1d031\" data-element_type=\"widget\" data-widget_type=\"text-editor.default\">\n\t\t\t\t<div class=\"elementor-widget-container\">\n\t\t\t\t\t\t\t<ul><li style=\"font-weight: 400;\"><span style=\"font-size: 14pt;\"><strong>Certified Crystal Healer<\/strong><\/span><\/li><\/ul>\t\t\t\t\t\t<\/div>\n\t\t\t\t<\/div>\n\t\t\t\t<div class=\"elementor-element elementor-element-178d701 elementor-widget elementor-widget-text-editor\" data-id=\"178d701\" data-element_type=\"widget\" data-widget_type=\"text-editor.default\">\n\t\t\t\t<div class=\"elementor-widget-container\">\n\t\t\t\t\t\t\t<ul><li style=\"font-weight: 400;\"><span style=\"font-size: 14pt;\"><strong>Trainer \u2013 Coach \u2013 Healer<\/strong>\u00a0<i>(<span style=\"color: #2c9fd8;\"><a style=\"color: #2c9fd8;\" href=\"https:\/\/unity.com.vn\/minh-tam\/\" target=\"_blank\" rel=\"noopener\" data-saferedirecturl=\"https:\/\/www.google.com\/url?q=http:\/\/unity.vn&amp;source=gmail&amp;ust=1671211961476000&amp;usg=AOvVaw31lpNudAPIuOmgyYVsfxQp\"><span style=\"color: #2c9fd8;\">unity.vn<\/span><\/a><\/span>)<\/i><\/span><\/li><\/ul>\t\t\t\t\t\t<\/div>\n\t\t\t\t<\/div>\n\t\t\t\t\t<\/div>\n\t\t<\/div>\n\t\t\t\t\t<\/div>\n\t\t<\/section>\n\t\t\t\t\t<\/div>\n\t\t<\/div>\n\t\t\t\t\t<\/div>\n\t\t<\/section>\n\t\t<div class=\"elementor-element elementor-element-22f3705 e-flex e-con-boxed e-con e-parent\" data-id=\"22f3705\" data-element_type=\"container\">\n\t\t\t\t\t<div class=\"e-con-inner\">\n\t\t<div class=\"elementor-element elementor-element-8600519 e-flex e-con-boxed e-con e-child\" data-id=\"8600519\" data-element_type=\"container\">\n\t\t\t\t\t<div class=\"e-con-inner\">\n\t\t\t\t<div class=\"elementor-element elementor-element-4ee8f96 elementor-widget elementor-widget-text-editor\" data-id=\"4ee8f96\" data-element_type=\"widget\" data-widget_type=\"text-editor.default\">\n\t\t\t\t<div class=\"elementor-widget-container\">\n\t\t\t\t\t\t\t<p>Hi\u1ec7n nay, c\u1ee5m t\u1eeb \u201c\u0111\u00e1 ch\u1eefa l\u00e0nh\u201d (healing stone) ng\u00e0y c\u00e0ng \u0111\u01b0\u1ee3c nghe \u0111\u1ebfn nhi\u1ec1u v\u00e0 c\u00f3 th\u1ec3 b\u1ea1n th\u1eafc m\u1eafc t\u1ea1i sao l\u1ea1i g\u1ecdi l\u00e0 \u201c\u0111\u00e1 ch\u1eefa l\u00e0nh\u201d. T\u00e2m mu\u1ed1n chia s\u1ebb v\u1edbi c\u00e1c b\u1ea1n v\u1ec1 \u0111\u00e1 ch\u1eefa l\u00e0nh m\u1ed9t c\u00e1ch \u0111\u01a1n gi\u1ea3n nh\u1ea5t.<\/p>\n<p>First of all, we need to distinguish the difference between&nbsp;<strong>healing<\/strong>&nbsp;and&nbsp;<strong>treatment&nbsp; &nbsp;<\/strong>. In this website, I want to refer to the meaning of \u201chealing\u201d when mentioning stone properties because the first thing you need to do when you are sick is to see a doctor for treatment.<\/p>\n<p>Each body has their own \u201cself healing\u201d ability, however, our self healing ability is only activated when our body is in balance and relaxed. Therefore, when we are sick, resting and relaxing can activate your self healing ability and help the healing process faster. That is also the reason why doctors advise us to take more rest and relax for better recovery.<\/p>\n<p>We live in a modern world that places tremendous stress on the body, mind, and spirit. Virtually everything we do in our daily lives - from the food we eat to our politics, work life, and activities - can pull our lives out of balance. Our body is more likely to catch a cold than before, it takes more time to recover from the illness and the sequela of the illness becomes more serious. Because of that, we need to reduce stress, maintain a peaceful and balanced life to face the world with more strength.<\/p>\n<p>M\u1ed7i ng\u01b0\u1eddi ch\u00fang ta \u0111\u1ec1u c\u00f3 dao \u0111\u1ed9ng kh\u00e1c nhau v\u00e0 dao \u0111\u1ed9ng n\u00e0y t\u1ea1o ra n\u0103ng l\u01b0\u1ee3ng. Theo quy lu\u1eadt sinh h\u1ecdc&nbsp; (entrainment), khi 2 dao \u0111\u1ed9ng \u1edf g\u1ea7n nhau th\u00ec 2 dao \u0111\u1ed9ng s\u1ebd c\u00f3 khuynh h\u01b0\u1edbng ho\u00e0 nh\u1ecbp l\u1ea1i v\u1edbi nhau \u0111\u1ec3 \u0111\u1ea1t \u0111\u01b0\u1ee3c tr\u1ea1ng th\u00e1i c\u00e2n b\u1eb1ng chung. \u0110i\u1ec1u n\u00e0y l\u00fd gi\u1ea3i t\u1ea1i sao khi ta \u1edf g\u1ea7n m\u1ed9t ng\u01b0\u1eddi v\u1ed9i v\u00e3, c\u0103ng th\u1eb3ng\u2026 ta s\u1ebd d\u1ea7n c\u1ea3m th\u1ea5y m\u00ecnh c\u0103ng th\u1eb3ng theo hay ng\u01b0\u1ee3c l\u1ea1i khi ta \u0111ang lo l\u1eafng, s\u1ee3 h\u00e3i\u2026 v\u00e0 ta \u0111\u01b0\u1ee3c \u1edf g\u1ea7n m\u1ed9t ng\u01b0\u1eddi th\u01b0 th\u00e1i, b\u00ecnh an th\u00ec ta d\u1ea7n d\u1ecbu l\u1ea1i. C\u0169ng nh\u01b0 m\u1ed7i ng\u01b0\u1eddi \u0111\u1ec1u mang n\u0103ng l\u01b0\u1ee3ng c\u00f3 dao \u0111\u1ed9ng kh\u00e1c nhau, m\u1ed7i m\u1ed9t lo\u1ea1i \u0111\u00e1 c\u0169ng s\u1ebd mang n\u0103ng l\u01b0\u1ee3ng c\u00f3 dao \u0111\u1ed9ng kh\u00e1c nhau, khi b\u1ea1n \u0111eo hay mang theo b\u00ean m\u00ecnh m\u1ed9t lo\u1ea1i \u0111\u00e1 n\u00e0o \u0111\u00f3 th\u00ec dao \u0111\u1ed9ng c\u1ee7a b\u1ea1n v\u00e0 dao \u0111\u1ed9ng lo\u1ea1i \u0111\u00e1 \u0111\u00f3 c\u0169ng s\u1ebd ho\u00e0 nh\u1ecbp \u0111\u1ec3 \u0111\u1ea1t \u0111\u01b0\u1ee3c tr\u1ea1ng th\u00e1i c\u00e2n b\u1eb1ng chung v\u00e0 v\u00ec th\u1ebf m\u1ed7i lo\u1ea1i \u0111\u00e1 kh\u00e1c nhau s\u1ebd \u1ea3nh h\u01b0\u1edfng b\u1ea1n theo nh\u1eefng c\u00e1ch kh\u00e1c nhau, hay n\u00f3i c\u00e1ch kh\u00e1c m\u1ed7i lo\u1ea1i \u0111\u00e1 s\u1ebd gi\u00fap b\u1ea1n c\u00e2n b\u1eb1ng h\u01a1n. \u1ede m\u1ed7i th\u1eddi \u0111i\u1ec3m, c\u00f3 th\u1ec3 b\u1ea1n c\u1ea3m th\u1ea5y \u0111\u1eb7c bi\u1ec7t b\u1ecb thu h\u00fat b\u1edfi lo\u1ea1i \u0111\u00e1 n\u00e0y nh\u01b0ng l\u1ea1i kh\u00f4ng th\u00edch lo\u1ea1i \u0111\u00e1 kia c\u0169ng l\u00e0 \u0111i\u1ec1u b\u00ecnh th\u01b0\u1eddng. Ch\u00fang ta lu\u00f4n b\u1ecb cu\u1ed1n h\u00fat b\u1edfi nh\u1eefng c\u00e1i ta \u0111ang c\u1ea7n ho\u1eb7c \u0111ang thi\u1ebfu v\u00e0 v\u00ec th\u1ebf \u0111\u00e1 ch\u1eefa l\u00e0nh c\u00f3 m\u1ed9t vai tr\u00f2 kh\u00e1 tuy\u1ec7t v\u1eddi gi\u00fap ta c\u00e2n b\u1eb1ng. Hi\u1ec3u v\u1ec1 \u0111\u00e1 ch\u1eefa l\u00e0nh v\u00e0 ch\u1ecdn \u0111\u01b0\u1ee3c \u0111\u00fang lo\u1ea1i \u0111\u00e1 ch\u1eefa l\u00e0nh \u1edf th\u1eddi \u0111i\u1ec3m ta c\u1ea7n l\u00e0 c\u00e1ch ta \u0111\u00f3n nh\u1eadn m\u00f3n qu\u00e0 c\u1ee7a M\u1eb9 Thi\u00ean Nhi\u00ean m\u1ed9t c\u00e1ch tr\u00e2n tr\u1ecdng nh\u1ea5t.<\/p>\n<p>L\u00e0 m\u1ed9t \u201cHealer \u0111\u01b0\u1ee3c ch\u1ee9ng nh\u1eadn\u201d&nbsp; (Certified Healer)&nbsp;v\u00e0 \u0111\u01b0\u1ee3c ch\u1ee9ng nh\u1eadn s\u1eed d\u1ee5ng \u0111\u00e1 ch\u1eefa l\u00e0nh&nbsp;(Certified Crystal Healer), T\u00e2m \u0111\u1eb7c bi\u1ec7t y\u00eau th\u00edch s\u1eed d\u1ee5ng \u0111\u00e1 ch\u1eefa l\u00e0nh, m\u1ed9t m\u00f3n qu\u00e0 tuy\u1ec7t v\u1eddi c\u1ee7a M\u1eb9 Thi\u00ean Nhi\u00ean.&nbsp;C\u00f3 r\u1ea5t nhi\u1ec1u c\u00e1ch \u0111\u1ec3 ch\u1ecdn lo\u1ea1i \u0111\u00e1 ch\u1eefa l\u00e0nh ph\u00f9 h\u1ee3p cho m\u00ecnh,&nbsp;b\u1ea1n c\u00f3 th\u1ec3 d\u1ef1a v\u00e0o ng\u00e0y sinh c\u1ee7a m\u00ecnh b\u1edfi v\u00ec th\u1eddi kh\u1eafc ch\u00e0o \u0111\u1eddi c\u1ee7a m\u1ed7i ng\u01b0\u1eddi ch\u00fang ta lu\u00f4n c\u00f3 nhi\u1ec1u \u00fd ngh\u0129a \u0111\u1eb7c bi\u1ec7t v\u00e0 v\u00ec th\u1ebf t\u1eeb ng\u00e0y sinh c\u1ee7a m\u00ecnh b\u1ea1n c\u00f3 th\u1ec3 ch\u1ecdn \u0111\u00e1 theo S\u1ed1 h\u1ecdc (Numerology), theo cung ho\u00e0ng \u0111\u1ea1o c\u1ee7a b\u1ea1n (Astrology)\u2026 \u0110\u1eb7c bi\u1ec7t, b\u1ea1n c\u00f3 th\u1ec3 ch\u1ecdn lo\u1ea1i \u0111\u00e1 b\u1ea1n c\u1ea7n theo th\u1eddi \u0111i\u1ec3m n\u00e0o \u0111\u00f3 \u0111\u1ec3 mang l\u1ea1i cho b\u1ea1n n\u0103ng l\u01b0\u1ee3ng ch\u1eefa l\u00e0nh b\u1ea1n c\u1ea7n v\u00e0o th\u1eddi \u0111i\u1ec3m \u0111\u00f3. N\u1ebfu b\u1ea1n quan t\u00e2m ch\u1ecdn lo\u1ea1i \u0111\u00e1 b\u1ea1n c\u1ea7n cho th\u1eddi \u0111i\u1ec3m n\u00e0y, T\u00e2m \u0111\u00e3 chu\u1ea9n b\u1ecb s\u1eb5n m\u1ed9t s\u1ed1 nhu c\u1ea7u ch\u1eefa l\u00e0nh ph\u1ed5 bi\u1ebfn m\u00e0 ai trong ch\u00fang ta c\u0169ng c\u1ea7n \u1edf m\u1ed9t th\u1eddi \u0111i\u1ec3m n\u00e0o \u0111\u00f3, b\u1ea1n c\u00f3 th\u1ec3 tham kh\u1ea3o \u1edf \u0111\u00e2y nh\u00e9&nbsp;<a href=\"https:\/\/healingstone.vn\/en\/tim-loai-da-phu-hop-voi-ban\/\">https:\/\/healingstone.vn\/en\/tim-loai-da-phu-hop-voi-ban\/<\/a>&nbsp;. I hope you can find yourself a healing stone according to your needs as well as your favorite jewelry with that stone. My team and I make sure that these products are made with all of our heart and passion, to bring you the wonderful healing energy of stones.<\/p>\n<p><\/p>\t\t\t\t\t\t<\/div>\n\t\t\t\t<\/div>\n\t\t\t\t\t<\/div>\n\t\t\t\t<\/div>\n\t\t\t\t\t<\/div>\n\t\t\t\t<\/div>\n\t\t\t\t<\/div>","protected":false},"excerpt":{"rendered":"<p>Nguy\u1ec5n Th\u1ecb Minh T\u00e2m Ng\u01b0\u1eddi Vi\u1ec7t Nam \u0111\u1ea7u ti\u00ean \u0111\u01b0\u1ee3c Hay House c\u1ea5p ch\u1ee9ng nh\u1eadn th\u1ef1c hi\u1ec7n ch\u01b0\u01a1ng tr\u00ecnh \u201cCh\u1eefa L\u00e0nh N\u1ed7i \u0110au\u201d(First Vietnamese\u00a0Licensed and\u00a0Certified\u00a0\u201cHeal Your Life\u00a0Workshop Leader\u201d \u2013 authorized by Hay House) \u0110\u01b0\u1ee3c ch\u1ee9ng nh\u1eadn Ch\u1eefa l\u00e0nh b\u1eb1ng \u0110\u00e1 (Certified Crystal Healer) Trainer \u2013 Coach \u2013 Healer\u00a0(unity.vn) Nguyen Thi Minh Tam First Vietnamese Licensed [&hellip;]<\/p>","protected":false},"author":1,"featured_media":0,"parent":0,"menu_order":0,"comment_status":"closed","ping_status":"closed","template":"","meta":{"_acf_changed":false,"footnotes":""},"acf":[],"yoast_head":"<!-- This site is optimized with the Yoast SEO plugin v23.3 - https:\/\/yoast.com\/wordpress\/plugins\/seo\/ -->\n<title>Hi\u1ec3u v\u1ec1 \u0110\u00e1 ch\u1eefa l\u00e0nh - Minh T\u00e2m Healing Stone Shop<\/title>\n<meta name=\"robots\" content=\"index, follow, max-snippet:-1, max-image-preview:large, max-video-preview:-1\" \/>\n<link rel=\"canonical\" href=\"https:\/\/healingstone.vn\/en\/hieu-ve-da-chua-lanh\/\" \/>\n<meta property=\"og:locale\" content=\"en_US\" \/>\n<meta property=\"og:type\" content=\"article\" \/>\n<meta property=\"og:title\" content=\"Hi\u1ec3u v\u1ec1 \u0110\u00e1 ch\u1eefa l\u00e0nh - Minh T\u00e2m Healing Stone Shop\" \/>\n<meta property=\"og:description\" content=\"Nguy\u1ec5n Th\u1ecb Minh T\u00e2m Ng\u01b0\u1eddi Vi\u1ec7t Nam \u0111\u1ea7u ti\u00ean \u0111\u01b0\u1ee3c Hay House c\u1ea5p ch\u1ee9ng nh\u1eadn th\u1ef1c hi\u1ec7n ch\u01b0\u01a1ng tr\u00ecnh \u201cCh\u1eefa L\u00e0nh N\u1ed7i \u0110au\u201d(First Vietnamese\u00a0Licensed and\u00a0Certified\u00a0\u201cHeal Your Life\u00a0Workshop Leader\u201d \u2013 authorized by Hay House) \u0110\u01b0\u1ee3c ch\u1ee9ng nh\u1eadn Ch\u1eefa l\u00e0nh b\u1eb1ng \u0110\u00e1 (Certified Crystal Healer) Trainer \u2013 Coach \u2013 Healer\u00a0(unity.vn) Nguyen Thi Minh Tam First Vietnamese Licensed [&hellip;]\" \/>\n<meta property=\"og:url\" content=\"https:\/\/healingstone.vn\/en\/hieu-ve-da-chua-lanh\/\" \/>\n<meta property=\"og:site_name\" content=\"Minh T\u00e2m Healing Stone Shop\" \/>\n<meta property=\"article:modified_time\" content=\"2024-03-28T07:18:57+00:00\" \/>\n<meta property=\"og:image\" content=\"https:\/\/healingstone.vn\/wp-content\/uploads\/2022\/12\/MT-Profile.png\" \/>\n<meta name=\"twitter:card\" content=\"summary_large_image\" \/>\n<meta name=\"twitter:label1\" content=\"Est. reading time\" \/>\n\t<meta name=\"twitter:data1\" content=\"5 minutes\" \/>\n<script type=\"application\/ld+json\" class=\"yoast-schema-graph\">{\"@context\":\"https:\/\/schema.org\",\"@graph\":[{\"@type\":\"WebPage\",\"@id\":\"https:\/\/healingstone.vn\/hieu-ve-da-chua-lanh\/\",\"url\":\"https:\/\/healingstone.vn\/hieu-ve-da-chua-lanh\/\",\"name\":\"Hi\u1ec3u v\u1ec1 \u0110\u00e1 ch\u1eefa l\u00e0nh - Minh T\u00e2m Healing Stone Shop\",\"isPartOf\":{\"@id\":\"https:\/\/healingstone.vn\/#website\"},\"primaryImageOfPage\":{\"@id\":\"https:\/\/healingstone.vn\/hieu-ve-da-chua-lanh\/#primaryimage\"},\"image\":{\"@id\":\"https:\/\/healingstone.vn\/hieu-ve-da-chua-lanh\/#primaryimage\"},\"thumbnailUrl\":\"https:\/\/healingstone.vn\/wp-content\/uploads\/2022\/12\/MT-Profile.png\",\"datePublished\":\"2022-12-02T02:33:09+00:00\",\"dateModified\":\"2024-03-28T07:18:57+00:00\",\"breadcrumb\":{\"@id\":\"https:\/\/healingstone.vn\/hieu-ve-da-chua-lanh\/#breadcrumb\"},\"inLanguage\":\"en-US\",\"potentialAction\":[{\"@type\":\"ReadAction\",\"target\":[\"https:\/\/healingstone.vn\/hieu-ve-da-chua-lanh\/\"]}]},{\"@type\":\"ImageObject\",\"inLanguage\":\"en-US\",\"@id\":\"https:\/\/healingstone.vn\/hieu-ve-da-chua-lanh\/#primaryimage\",\"url\":\"https:\/\/healingstone.vn\/wp-content\/uploads\/2022\/12\/MT-Profile.png\",\"contentUrl\":\"https:\/\/healingstone.vn\/wp-content\/uploads\/2022\/12\/MT-Profile.png\"},{\"@type\":\"BreadcrumbList\",\"@id\":\"https:\/\/healingstone.vn\/hieu-ve-da-chua-lanh\/#breadcrumb\",\"itemListElement\":[{\"@type\":\"ListItem\",\"position\":1,\"name\":\"Trang ch\u1ee7\",\"item\":\"https:\/\/healingstone.vn\/\"},{\"@type\":\"ListItem\",\"position\":2,\"name\":\"Hi\u1ec3u v\u1ec1 \u0110\u00e1 ch\u1eefa l\u00e0nh\"}]},{\"@type\":\"WebSite\",\"@id\":\"https:\/\/healingstone.vn\/#website\",\"url\":\"https:\/\/healingstone.vn\/\",\"name\":\"Minh T\u00e2m Healing Stone Shop\",\"description\":\"\",\"publisher\":{\"@id\":\"https:\/\/healingstone.vn\/#organization\"},\"potentialAction\":[{\"@type\":\"SearchAction\",\"target\":{\"@type\":\"EntryPoint\",\"urlTemplate\":\"https:\/\/healingstone.vn\/?s={search_term_string}\"},\"query-input\":\"required name=search_term_string\"}],\"inLanguage\":\"en-US\"},{\"@type\":\"Organization\",\"@id\":\"https:\/\/healingstone.vn\/#organization\",\"name\":\"Minh T\u00e2m Healing Stone Shop\",\"url\":\"https:\/\/healingstone.vn\/\",\"logo\":{\"@type\":\"ImageObject\",\"inLanguage\":\"en-US\",\"@id\":\"https:\/\/healingstone.vn\/#\/schema\/logo\/image\/\",\"url\":\"https:\/\/healingstone.vn\/wp-content\/uploads\/2022\/12\/cropped-logo-new.jpg\",\"contentUrl\":\"https:\/\/healingstone.vn\/wp-content\/uploads\/2022\/12\/cropped-logo-new.jpg\",\"width\":600,\"height\":512,\"caption\":\"Minh T\u00e2m Healing Stone Shop\"},\"image\":{\"@id\":\"https:\/\/healingstone.vn\/#\/schema\/logo\/image\/\"}}]}<\/script>\n<!-- \/ Yoast SEO plugin. -->","yoast_head_json":{"title":"Hi\u1ec3u v\u1ec1 \u0110\u00e1 ch\u1eefa l\u00e0nh - Minh T\u00e2m Healing Stone Shop","robots":{"index":"index","follow":"follow","max-snippet":"max-snippet:-1","max-image-preview":"max-image-preview:large","max-video-preview":"max-video-preview:-1"},"canonical":"https:\/\/healingstone.vn\/en\/hieu-ve-da-chua-lanh\/","og_locale":"en_US","og_type":"article","og_title":"Hi\u1ec3u v\u1ec1 \u0110\u00e1 ch\u1eefa l\u00e0nh - Minh T\u00e2m Healing Stone Shop","og_description":"Nguy\u1ec5n Th\u1ecb Minh T\u00e2m Ng\u01b0\u1eddi Vi\u1ec7t Nam \u0111\u1ea7u ti\u00ean \u0111\u01b0\u1ee3c Hay House c\u1ea5p ch\u1ee9ng nh\u1eadn th\u1ef1c hi\u1ec7n ch\u01b0\u01a1ng tr\u00ecnh \u201cCh\u1eefa L\u00e0nh N\u1ed7i \u0110au\u201d(First Vietnamese\u00a0Licensed and\u00a0Certified\u00a0\u201cHeal Your Life\u00a0Workshop Leader\u201d \u2013 authorized by Hay House) \u0110\u01b0\u1ee3c ch\u1ee9ng nh\u1eadn Ch\u1eefa l\u00e0nh b\u1eb1ng \u0110\u00e1 (Certified Crystal Healer) Trainer \u2013 Coach \u2013 Healer\u00a0(unity.vn) Nguyen Thi Minh Tam First Vietnamese Licensed [&hellip;]","og_url":"https:\/\/healingstone.vn\/en\/hieu-ve-da-chua-lanh\/","og_site_name":"Minh T\u00e2m Healing Stone Shop","article_modified_time":"2024-03-28T07:18:57+00:00","og_image":[{"url":"https:\/\/healingstone.vn\/wp-content\/uploads\/2022\/12\/MT-Profile.png"}],"twitter_card":"summary_large_image","twitter_misc":{"Est. reading time":"5 minutes"},"schema":{"@context":"https:\/\/schema.org","@graph":[{"@type":"WebPage","@id":"https:\/\/healingstone.vn\/hieu-ve-da-chua-lanh\/","url":"https:\/\/healingstone.vn\/hieu-ve-da-chua-lanh\/","name":"Hi\u1ec3u v\u1ec1 \u0110\u00e1 ch\u1eefa l\u00e0nh - Minh T\u00e2m Healing Stone Shop","isPartOf":{"@id":"https:\/\/healingstone.vn\/#website"},"primaryImageOfPage":{"@id":"https:\/\/healingstone.vn\/hieu-ve-da-chua-lanh\/#primaryimage"},"image":{"@id":"https:\/\/healingstone.vn\/hieu-ve-da-chua-lanh\/#primaryimage"},"thumbnailUrl":"https:\/\/healingstone.vn\/wp-content\/uploads\/2022\/12\/MT-Profile.png","datePublished":"2022-12-02T02:33:09+00:00","dateModified":"2024-03-28T07:18:57+00:00","breadcrumb":{"@id":"https:\/\/healingstone.vn\/hieu-ve-da-chua-lanh\/#breadcrumb"},"inLanguage":"en-US","potentialAction":[{"@type":"ReadAction","target":["https:\/\/healingstone.vn\/hieu-ve-da-chua-lanh\/"]}]},{"@type":"ImageObject","inLanguage":"en-US","@id":"https:\/\/healingstone.vn\/hieu-ve-da-chua-lanh\/#primaryimage","url":"https:\/\/healingstone.vn\/wp-content\/uploads\/2022\/12\/MT-Profile.png","contentUrl":"https:\/\/healingstone.vn\/wp-content\/uploads\/2022\/12\/MT-Profile.png"},{"@type":"BreadcrumbList","@id":"https:\/\/healingstone.vn\/hieu-ve-da-chua-lanh\/#breadcrumb","itemListElement":[{"@type":"ListItem","position":1,"name":"Trang ch\u1ee7","item":"https:\/\/healingstone.vn\/"},{"@type":"ListItem","position":2,"name":"Hi\u1ec3u v\u1ec1 \u0110\u00e1 ch\u1eefa l\u00e0nh"}]},{"@type":"WebSite","@id":"https:\/\/healingstone.vn\/#website","url":"https:\/\/healingstone.vn\/","name":"Minh T\u00e2m Healing Stone Shop","description":"","publisher":{"@id":"https:\/\/healingstone.vn\/#organization"},"potentialAction":[{"@type":"SearchAction","target":{"@type":"EntryPoint","urlTemplate":"https:\/\/healingstone.vn\/?s={search_term_string}"},"query-input":"required name=search_term_string"}],"inLanguage":"en-US"},{"@type":"Organization","@id":"https:\/\/healingstone.vn\/#organization","name":"Minh T\u00e2m Healing Stone Shop","url":"https:\/\/healingstone.vn\/","logo":{"@type":"ImageObject","inLanguage":"en-US","@id":"https:\/\/healingstone.vn\/#\/schema\/logo\/image\/","url":"https:\/\/healingstone.vn\/wp-content\/uploads\/2022\/12\/cropped-logo-new.jpg","contentUrl":"https:\/\/healingstone.vn\/wp-content\/uploads\/2022\/12\/cropped-logo-new.jpg","width":600,"height":512,"caption":"Minh T\u00e2m Healing Stone Shop"},"image":{"@id":"https:\/\/healingstone.vn\/#\/schema\/logo\/image\/"}}]}},"_links":{"self":[{"href":"https:\/\/healingstone.vn\/en\/wp-json\/wp\/v2\/pages\/1978"}],"collection":[{"href":"https:\/\/healingstone.vn\/en\/wp-json\/wp\/v2\/pages"}],"about":[{"href":"https:\/\/healingstone.vn\/en\/wp-json\/wp\/v2\/types\/page"}],"author":[{"embeddable":true,"href":"https:\/\/healingstone.vn\/en\/wp-json\/wp\/v2\/users\/1"}],"replies":[{"embeddable":true,"href":"https:\/\/healingstone.vn\/en\/wp-json\/wp\/v2\/comments?post=1978"}],"version-history":[{"count":0,"href":"https:\/\/healingstone.vn\/en\/wp-json\/wp\/v2\/pages\/1978\/revisions"}],"wp:attachment":[{"href":"https:\/\/healingstone.vn\/en\/wp-json\/wp\/v2\/media?parent=1978"}],"curies":[{"name":"wp","href":"https:\/\/api.w.org\/{rel}","templated":true}]}}